{"id":1095,"date":"2020-01-27T08:29:32","date_gmt":"2020-01-27T08:29:32","guid":{"rendered":"https:\/\/demosites.io\/web-agency-gb\/?page_id=75"},"modified":"2023-12-06T14:59:46","modified_gmt":"2023-12-06T14:59:46","slug":"15c42-web-agency-gb-contact-us","status":"publish","type":"page","link":"https:\/\/illumitydesign.com\/?page_id=1095","title":{"rendered":"Contact Us"},"content":{"rendered":"\n<div class=\"wp-block-cover alignfull\"><span aria-hidden=\"true\" class=\"wp-block-cover__background has-neve-text-color-background-color has-background-dim-100 has-background-dim\"><\/span><div class=\"wp-block-cover__inner-container is-layout-constrained wp-block-cover-is-layout-constrained\">\n<div style=\"height:80px\" aria-hidden=\"true\" class=\"wp-block-spacer\"><\/div>\n\n\n\n<div class=\"wp-block-columns is-layout-flex wp-container-core-columns-is-layout-9d6595d7 wp-block-columns-is-layout-flex\">\n<div class=\"wp-block-column is-layout-flow wp-block-column-is-layout-flow\" style=\"flex-basis:50%\">\n<h1 class=\"wp-block-heading has-text-align-left has-nv-site-bg-color has-text-color\">Get in touch<\/h1>\n\n\n<style id=\"wpforms-css-vars-459-block-91c7e3ff-038e-4c1f-9de3-f9fa9d8d77fd\">\n\t\t\t\t#wpforms-459.wpforms-block-91c7e3ff-038e-4c1f-9de3-f9fa9d8d77fd {\n\t\t\t\t--wpforms-field-border-radius: 15px;\n--wpforms-field-background-color: var(--nv-site-bg);\n--wpforms-field-border-color: var(--nv-dark-bg);\n--wpforms-field-border-color-spare: var(--nv-dark-bg);\n--wpforms-field-text-color: var(--nv-dark-bg);\n--wpforms-label-color: var(--nv-site-bg);\n--wpforms-button-border-radius: 15px;\n--wpforms-button-background-color: var(--nv-primary-accent);\n--wpforms-button-text-color: var(--nv-dark-bg);\n--wpforms-label-size-font-size: 18px;\n--wpforms-label-size-line-height: 21px;\n--wpforms-label-size-sublabel-font-size: 16px;\n--wpforms-label-size-sublabel-line-height: 19px;\n--wpforms-button-size-font-size: 20px;\n--wpforms-button-size-height: 48px;\n--wpforms-button-size-padding-h: 20px;\n--wpforms-button-size-margin-top: 15px;\n\t\t\t}\n\t\t\t<\/style><div class=\"wpforms-container wpforms-container-full wpforms-block wpforms-block-91c7e3ff-038e-4c1f-9de3-f9fa9d8d77fd wpforms-render-modern\" id=\"wpforms-459\"><form id=\"wpforms-form-459\" class=\"wpforms-validate wpforms-form wpforms-ajax-form\" data-formid=\"459\" method=\"post\" enctype=\"multipart\/form-data\" action=\"\/index.php?rest_route=%2Fwp%2Fv2%2Fpages%2F1095\" data-token=\"14954dac9f9b8501745e9264e5fc3948\" data-token-time=\"1778326714\"><noscript class=\"wpforms-error-noscript\">Aktivera JavaScript i din webbl\u00e4sare f\u00f6r att fylla i formul\u00e4ret.<\/noscript><div id=\"wpforms-error-noscript\" style=\"display: none;\">Aktivera JavaScript i din webbl\u00e4sare f\u00f6r att fylla i formul\u00e4ret.<\/div><div class=\"wpforms-field-container\"><div id=\"wpforms-459-field_0-container\" class=\"wpforms-field wpforms-field-name\" data-field-id=\"0\"><fieldset><legend class=\"wpforms-field-label\">Name <span class=\"wpforms-required-label\" aria-hidden=\"true\">*<\/span><\/legend><div class=\"wpforms-field-row wpforms-field-large\"><div class=\"wpforms-field-row-block wpforms-first wpforms-one-half\"><input type=\"text\" id=\"wpforms-459-field_0\" class=\"wpforms-field-name-first wpforms-field-required\" name=\"wpforms[fields][0][first]\" placeholder=\"First Name\" aria-errormessage=\"wpforms-459-field_0-error\" required><label for=\"wpforms-459-field_0\" class=\"wpforms-field-sublabel after wpforms-sublabel-hide\">F\u00f6rst<\/label><\/div><div class=\"wpforms-field-row-block wpforms-one-half\"><input type=\"text\" id=\"wpforms-459-field_0-last\" class=\"wpforms-field-name-last wpforms-field-required\" name=\"wpforms[fields][0][last]\" placeholder=\"Last Name\" aria-errormessage=\"wpforms-459-field_0-last-error\" required><label for=\"wpforms-459-field_0-last\" class=\"wpforms-field-sublabel after wpforms-sublabel-hide\">Sist<\/label><\/div><\/div><\/fieldset><\/div><div id=\"wpforms-459-field_1-container\" class=\"wpforms-field wpforms-field-email\" data-field-id=\"1\"><label class=\"wpforms-field-label\" for=\"wpforms-459-field_1\">E-Mail <span class=\"wpforms-required-label\" aria-hidden=\"true\">*<\/span><\/label><input type=\"email\" id=\"wpforms-459-field_1\" class=\"wpforms-field-large wpforms-field-required\" name=\"wpforms[fields][1]\" spellcheck=\"false\" aria-errormessage=\"wpforms-459-field_1-error\" required><\/div><div id=\"wpforms-459-field_2-container\" class=\"wpforms-field wpforms-field-textarea\" data-field-id=\"2\"><label class=\"wpforms-field-label\" for=\"wpforms-459-field_2\">Message<\/label><textarea id=\"wpforms-459-field_2\" class=\"wpforms-field-medium\" name=\"wpforms[fields][2]\" aria-errormessage=\"wpforms-459-field_2-error\" ><\/textarea><\/div><\/div><!-- .wpforms-field-container --><div class=\"wpforms-recaptcha-container wpforms-is-recaptcha wpforms-is-recaptcha-type-v3\" ><input type=\"hidden\" name=\"wpforms[recaptcha]\" value=\"\"><\/div><div class=\"wpforms-submit-container\" ><input type=\"hidden\" name=\"wpforms[id]\" value=\"459\"><input type=\"hidden\" name=\"page_title\" value=\"\"><input type=\"hidden\" name=\"page_url\" value=\"https:\/\/illumitydesign.com\/index.php?rest_route=\/wp\/v2\/pages\/1095\"><input type=\"hidden\" name=\"url_referer\" value=\"\"><button type=\"submit\" name=\"wpforms[submit]\" id=\"wpforms-submit-459\" class=\"wpforms-submit\" data-alt-text=\"Sending...\" data-submit-text=\"Submit\" aria-live=\"assertive\" value=\"wpforms-submit\">Submit<\/button><img data-opt-id=1401839598  fetchpriority=\"high\" decoding=\"async\" src=\"https:\/\/mlxqmkijfqbv.i.optimole.com\/w:auto\/h:auto\/q:mauto\/f:best\/ig:avif\/https:\/\/illumitydesign.com\/wp-content\/plugins\/wpforms-lite\/assets\/images\/submit-spin.svg\" class=\"wpforms-submit-spinner\" style=\"display: none;\" width=\"26\" height=\"26\" alt=\"Laddar\"><\/div><\/form><\/div>  <!-- .wpforms-container --><\/div>\n\n\n\n<div class=\"wp-block-column is-vertically-aligned-center is-layout-flow wp-block-column-is-layout-flow\" style=\"flex-basis:50%\"><div class=\"wp-block-image\">\n<figure class=\"aligncenter size-large\"><img data-opt-id=1841184795  fetchpriority=\"high\" decoding=\"async\" width=\"1024\" height=\"682\" src=\"https:\/\/mlxqmkijfqbv.i.optimole.com\/w:1024\/h:682\/q:mauto\/f:best\/https:\/\/illumitydesign.com\/wp-content\/uploads\/2022\/01\/VisoneParis666A0372Avatar-2.jpg\" alt=\"\" class=\"wp-image-542\" srcset=\"https:\/\/mlxqmkijfqbv.i.optimole.com\/w:1024\/h:682\/q:mauto\/f:best\/https:\/\/illumitydesign.com\/wp-content\/uploads\/2022\/01\/VisoneParis666A0372Avatar-2.jpg 1024w, https:\/\/mlxqmkijfqbv.i.optimole.com\/w:600\/h:400\/q:mauto\/f:best\/https:\/\/illumitydesign.com\/wp-content\/uploads\/2022\/01\/VisoneParis666A0372Avatar-2.jpg 600w, https:\/\/mlxqmkijfqbv.i.optimole.com\/w:300\/h:200\/q:mauto\/f:best\/https:\/\/illumitydesign.com\/wp-content\/uploads\/2022\/01\/VisoneParis666A0372Avatar-2.jpg 300w, https:\/\/mlxqmkijfqbv.i.optimole.com\/w:768\/h:512\/q:mauto\/f:best\/https:\/\/illumitydesign.com\/wp-content\/uploads\/2022\/01\/VisoneParis666A0372Avatar-2.jpg 768w, https:\/\/mlxqmkijfqbv.i.optimole.com\/w:1536\/h:1024\/q:mauto\/f:best\/https:\/\/illumitydesign.com\/wp-content\/uploads\/2022\/01\/VisoneParis666A0372Avatar-2.jpg 1536w, https:\/\/mlxqmkijfqbv.i.optimole.com\/w:930\/h:620\/q:mauto\/f:best\/https:\/\/illumitydesign.com\/wp-content\/uploads\/2022\/01\/VisoneParis666A0372Avatar-2.jpg 930w, https:\/\/mlxqmkijfqbv.i.optimole.com\/w:1620\/h:1080\/q:mauto\/f:best\/https:\/\/illumitydesign.com\/wp-content\/uploads\/2022\/01\/VisoneParis666A0372Avatar-2.jpg 2000w, https:\/\/mlxqmkijfqbv.i.optimole.com\/w:1620\/h:1080\/q:mauto\/f:best\/dpr:2\/https:\/\/illumitydesign.com\/wp-content\/uploads\/2022\/01\/VisoneParis666A0372Avatar-2.jpg 2x\" sizes=\"(max-width: 1024px) 100vw, 1024px\" \/><\/figure>\n<\/div><\/div>\n<\/div>\n<\/div><\/div>\n\n\n\n<div class=\"wp-block-cover alignfull\" style=\"min-height:420px;aspect-ratio:unset;\"><span aria-hidden=\"true\" class=\"wp-block-cover__background has-nv-light-bg-background-color has-background-dim-100 has-background-dim\"><\/span><div class=\"wp-block-cover__inner-container is-layout-flow wp-block-cover-is-layout-flow\">\n<div style=\"height:80px\" aria-hidden=\"true\" class=\"wp-block-spacer\"><\/div>\n\n\n\n<div class=\"wp-block-columns is-layout-flex wp-container-core-columns-is-layout-9d6595d7 wp-block-columns-is-layout-flex\">\n<div class=\"wp-block-column ticss-4ce656f1 is-layout-flow wp-block-column-is-layout-flow\">\n<div class=\"wp-block-group has-nv-site-bg-background-color has-background\"><div class=\"wp-block-group__inner-container is-layout-flow wp-block-group-is-layout-flow\">\n<div style=\"height:24px\" aria-hidden=\"true\" class=\"wp-block-spacer\"><\/div>\n\n\n<div class=\"wp-block-image icon-style is-style-default\">\n<figure class=\"aligncenter size-large\"><img data-opt-id=1493658737  fetchpriority=\"high\" decoding=\"async\" width=\"63\" height=\"63\" src=\"https:\/\/mlxqmkijfqbv.i.optimole.com\/w:auto\/h:auto\/q:mauto\/f:best\/https:\/\/illumitydesign.com\/wp-content\/uploads\/2021\/06\/phone-sm.png\" alt=\"\" class=\"wp-image-304\"\/><\/figure>\n<\/div>\n\n\n<h3 class=\"wp-block-heading has-text-align-center has-neve-text-color-color has-text-color\">Call us<\/h3>\n\n\n\n<p class=\"has-text-align-center has-neve-text-color-color has-text-color\" style=\"font-size:15px\">+46(0)31-939713 | Monday &#8211; Friday<\/p>\n\n\n\n<div style=\"height:24px\" aria-hidden=\"true\" class=\"wp-block-spacer\"><\/div>\n<\/div><\/div>\n<\/div>\n\n\n\n<div class=\"wp-block-column ticss-f6fc7494 is-layout-flow wp-block-column-is-layout-flow\">\n<div class=\"wp-block-group has-nv-site-bg-background-color has-background\"><div class=\"wp-block-group__inner-container is-layout-flow wp-block-group-is-layout-flow\">\n<div style=\"height:24px\" aria-hidden=\"true\" class=\"wp-block-spacer\"><\/div>\n\n\n<div class=\"wp-block-image icon-style is-style-default\">\n<figure class=\"aligncenter size-large\"><img data-opt-id=422162900  data-opt-src=\"https:\/\/mlxqmkijfqbv.i.optimole.com\/w:auto\/h:auto\/q:mauto\/f:best\/https:\/\/illumitydesign.com\/wp-content\/uploads\/2021\/06\/email-sm.png\"  decoding=\"async\" src=\"data:image/svg+xml,%3Csvg%20viewBox%3D%220%200%20100%%20100%%22%20width%3D%22100%%22%20height%3D%22100%%22%20xmlns%3D%22http%3A%2F%2Fwww.w3.org%2F2000%2Fsvg%22%3E%3Crect%20width%3D%22100%%22%20height%3D%22100%%22%20fill%3D%22transparent%22%2F%3E%3C%2Fsvg%3E\" alt=\"\" class=\"wp-image-306\"\/><\/figure>\n<\/div>\n\n\n<h3 class=\"wp-block-heading has-text-align-center has-neve-text-color-color has-text-color\">Email<\/h3>\n\n\n\n<p class=\"has-text-align-center has-neve-text-color-color has-text-color\" style=\"font-size:15px\">contact@illumitydesign.com<\/p>\n\n\n\n<div style=\"height:24px\" aria-hidden=\"true\" class=\"wp-block-spacer\"><\/div>\n<\/div><\/div>\n<\/div>\n<\/div>\n\n\n\n<div style=\"height:30px\" aria-hidden=\"true\" class=\"wp-block-spacer\"><\/div>\n<\/div><\/div>\n","protected":false},"excerpt":{"rendered":"","protected":false},"author":1,"featured_media":0,"parent":0,"menu_order":0,"comment_status":"closed","ping_status":"closed","template":"","meta":{"_monsterinsights_skip_tracking":false,"_monsterinsights_sitenote_active":false,"_monsterinsights_sitenote_note":"","_monsterinsights_sitenote_category":0,"neve_meta_sidebar":"default","neve_meta_container":"","neve_meta_enable_content_width":"on","neve_meta_content_width":100,"neve_meta_title_alignment":"","neve_meta_author_avatar":"","neve_post_elements_order":"","neve_meta_disable_header":"","neve_meta_disable_footer":"on","neve_meta_disable_title":"on","_themeisle_gutenberg_block_has_review":false,"footnotes":""},"class_list":["post-1095","page","type-page","status-publish","hentry"],"aioseo_notices":[],"_links":{"self":[{"href":"https:\/\/illumitydesign.com\/index.php?rest_route=\/wp\/v2\/pages\/1095","targetHints":{"allow":["GET"]}}],"collection":[{"href":"https:\/\/illumitydesign.com\/index.php?rest_route=\/wp\/v2\/pages"}],"about":[{"href":"https:\/\/illumitydesign.com\/index.php?rest_route=\/wp\/v2\/types\/page"}],"author":[{"embeddable":true,"href":"https:\/\/illumitydesign.com\/index.php?rest_route=\/wp\/v2\/users\/1"}],"replies":[{"embeddable":true,"href":"https:\/\/illumitydesign.com\/index.php?rest_route=%2Fwp%2Fv2%2Fcomments&post=1095"}],"version-history":[{"count":6,"href":"https:\/\/illumitydesign.com\/index.php?rest_route=\/wp\/v2\/pages\/1095\/revisions"}],"predecessor-version":[{"id":1216,"href":"https:\/\/illumitydesign.com\/index.php?rest_route=\/wp\/v2\/pages\/1095\/revisions\/1216"}],"wp:attachment":[{"href":"https:\/\/illumitydesign.com\/index.php?rest_route=%2Fwp%2Fv2%2Fmedia&parent=1095"}],"curies":[{"name":"wp","href":"https:\/\/api.w.org\/{rel}","templated":true}]}}